{"id":4311,"date":"2024-11-15T13:13:42","date_gmt":"2024-11-15T10:13:42","guid":{"rendered":"https:\/\/xn--keiko-zra.com\/?post_type=product&#038;p=4311"},"modified":"2025-04-28T13:22:00","modified_gmt":"2025-04-28T10:22:00","slug":"kirmizi-havuc-sirkesi","status":"publish","type":"product","link":"https:\/\/xn--keiko-zra.com\/tr\/urun\/kirmizi-havuc-sirkesi\/","title":{"rendered":"K\u0131rm\u0131z\u0131 Havu\u00e7 Sirkesi"},"content":{"rendered":"<p>tarsus da yeti\u015fen havu\u00e7lardan yapt\u0131\u011f\u0131m\u0131z do\u011fal fermente sirkemiz<\/p>","protected":false},"excerpt":{"rendered":"<p>tarsus da yeti\u015fen havu\u00e7lardan yapt\u0131\u011f\u0131m\u0131z do\u011fal fermente sirkemiz<\/p>","protected":false},"featured_media":4313,"comment_status":"open","ping_status":"closed","template":"","meta":{"om_disable_all_campaigns":false,"_uag_custom_page_level_css":"","_monsterinsights_skip_tracking":false,"_monsterinsights_sitenote_active":false,"_monsterinsights_sitenote_note":"","_monsterinsights_sitenote_category":0,"_themeisle_gutenberg_block_has_review":false},"product_brand":[],"product_cat":[154],"product_tag":[],"class_list":{"0":"post-4311","1":"product","2":"type-product","3":"status-publish","4":"has-post-thumbnail","6":"product_cat-sirkeler","8":"first","9":"instock","10":"shipping-taxable","11":"purchasable","12":"product-type-simple"},"yoast_head":"<!-- This site is optimized with the Yoast SEO plugin v27.5 - https:\/\/yoast.com\/product\/yoast-seo-wordpress\/ -->\n<title>K\u0131rm\u0131z\u0131 Havu\u00e7 Sirkesi - KE\u00c7\u0130KO %<\/title>\n<meta name=\"robots\" content=\"index, follow, max-snippet:-1, max-image-preview:large, max-video-preview:-1\" \/>\n<link rel=\"canonical\" href=\"https:\/\/xn--keiko-zra.com\/tr\/urun\/kirmizi-havuc-sirkesi\/\" \/>\n<meta property=\"og:locale\" content=\"tr_TR\" \/>\n<meta property=\"og:type\" content=\"article\" \/>\n<meta property=\"og:title\" content=\"K\u0131rm\u0131z\u0131 Havu\u00e7 Sirkesi - KE\u00c7\u0130KO %\" \/>\n<meta property=\"og:description\" content=\"tarsus da yeti\u015fen havu\u00e7lardan yapt\u0131\u011f\u0131m\u0131z do\u011fal fermente sirkemiz\" \/>\n<meta property=\"og:url\" content=\"https:\/\/xn--keiko-zra.com\/tr\/urun\/kirmizi-havuc-sirkesi\/\" \/>\n<meta property=\"og:site_name\" content=\"KE\u00c7\u0130KO\" \/>\n<meta property=\"article:publisher\" content=\"https:\/\/www.facebook.com\/keciboynuzucikolatas\" \/>\n<meta property=\"article:modified_time\" content=\"2025-04-28T10:22:00+00:00\" \/>\n<meta property=\"og:image\" content=\"http:\/\/xn--keiko-zra.com\/wp-content\/uploads\/2024\/11\/WhatsApp-Gorsel-2024-11-15-saat-13.09.23_ff4432e4.jpg\" \/>\n\t<meta property=\"og:image:width\" content=\"924\" \/>\n\t<meta property=\"og:image:height\" content=\"2000\" \/>\n\t<meta property=\"og:image:type\" content=\"image\/jpeg\" \/>\n<meta name=\"twitter:card\" content=\"summary_large_image\" \/>\n<meta name=\"twitter:label1\" content=\"Tahmini okuma s\u00fcresi\" \/>\n\t<meta name=\"twitter:data1\" content=\"1 dakika\" \/>\n<script type=\"application\/ld+json\" class=\"yoast-schema-graph\">{\"@context\":\"https:\\\/\\\/schema.org\",\"@graph\":[{\"@type\":\"WebPage\",\"@id\":\"https:\\\/\\\/xn--keiko-zra.com\\\/urun\\\/kirmizi-havuc-sirkesi\\\/\",\"url\":\"https:\\\/\\\/xn--keiko-zra.com\\\/urun\\\/kirmizi-havuc-sirkesi\\\/\",\"name\":\"K\u0131rm\u0131z\u0131 Havu\u00e7 Sirkesi - KE\u00c7\u0130KO %\",\"isPartOf\":{\"@id\":\"https:\\\/\\\/xn--keiko-zra.com\\\/#website\"},\"primaryImageOfPage\":{\"@id\":\"https:\\\/\\\/xn--keiko-zra.com\\\/urun\\\/kirmizi-havuc-sirkesi\\\/#primaryimage\"},\"image\":{\"@id\":\"https:\\\/\\\/xn--keiko-zra.com\\\/urun\\\/kirmizi-havuc-sirkesi\\\/#primaryimage\"},\"thumbnailUrl\":\"https:\\\/\\\/xn--keiko-zra.com\\\/wp-content\\\/uploads\\\/2024\\\/11\\\/WhatsApp-Gorsel-2024-11-15-saat-13.09.23_ff4432e4.jpg\",\"datePublished\":\"2024-11-15T10:13:42+00:00\",\"dateModified\":\"2025-04-28T10:22:00+00:00\",\"breadcrumb\":{\"@id\":\"https:\\\/\\\/xn--keiko-zra.com\\\/urun\\\/kirmizi-havuc-sirkesi\\\/#breadcrumb\"},\"inLanguage\":\"tr\",\"potentialAction\":[{\"@type\":\"ReadAction\",\"target\":[\"https:\\\/\\\/xn--keiko-zra.com\\\/urun\\\/kirmizi-havuc-sirkesi\\\/\"]}]},{\"@type\":\"ImageObject\",\"inLanguage\":\"tr\",\"@id\":\"https:\\\/\\\/xn--keiko-zra.com\\\/urun\\\/kirmizi-havuc-sirkesi\\\/#primaryimage\",\"url\":\"https:\\\/\\\/xn--keiko-zra.com\\\/wp-content\\\/uploads\\\/2024\\\/11\\\/WhatsApp-Gorsel-2024-11-15-saat-13.09.23_ff4432e4.jpg\",\"contentUrl\":\"https:\\\/\\\/xn--keiko-zra.com\\\/wp-content\\\/uploads\\\/2024\\\/11\\\/WhatsApp-Gorsel-2024-11-15-saat-13.09.23_ff4432e4.jpg\",\"width\":924,\"height\":2000},{\"@type\":\"BreadcrumbList\",\"@id\":\"https:\\\/\\\/xn--keiko-zra.com\\\/urun\\\/kirmizi-havuc-sirkesi\\\/#breadcrumb\",\"itemListElement\":[{\"@type\":\"ListItem\",\"position\":1,\"name\":\"Anasayfa\",\"item\":\"https:\\\/\\\/xn--keiko-zra.com\\\/\"},{\"@type\":\"ListItem\",\"position\":2,\"name\":\"Store\",\"item\":\"https:\\\/\\\/xn--keiko-zra.com\\\/?page_id=1218\"},{\"@type\":\"ListItem\",\"position\":3,\"name\":\"K\u0131rm\u0131z\u0131 Havu\u00e7 Sirkesi\"}]},{\"@type\":\"WebSite\",\"@id\":\"https:\\\/\\\/xn--keiko-zra.com\\\/#website\",\"url\":\"https:\\\/\\\/xn--keiko-zra.com\\\/\",\"name\":\"KE\u00c7\u0130KO\",\"description\":\"Taze ve Do\u011fal \u00dcr\u00fcnler\",\"publisher\":{\"@id\":\"https:\\\/\\\/xn--keiko-zra.com\\\/#organization\"},\"potentialAction\":[{\"@type\":\"SearchAction\",\"target\":{\"@type\":\"EntryPoint\",\"urlTemplate\":\"https:\\\/\\\/xn--keiko-zra.com\\\/?s={search_term_string}\"},\"query-input\":{\"@type\":\"PropertyValueSpecification\",\"valueRequired\":true,\"valueName\":\"search_term_string\"}}],\"inLanguage\":\"tr\"},{\"@type\":\"Organization\",\"@id\":\"https:\\\/\\\/xn--keiko-zra.com\\\/#organization\",\"name\":\"KE\u00c7\u0130KO\",\"url\":\"https:\\\/\\\/xn--keiko-zra.com\\\/\",\"logo\":{\"@type\":\"ImageObject\",\"inLanguage\":\"tr\",\"@id\":\"https:\\\/\\\/xn--keiko-zra.com\\\/#\\\/schema\\\/logo\\\/image\\\/\",\"url\":\"https:\\\/\\\/xn--keiko-zra.com\\\/wp-content\\\/uploads\\\/2026\\\/05\\\/cropped-KECIKO-LOGO.png\",\"contentUrl\":\"https:\\\/\\\/xn--keiko-zra.com\\\/wp-content\\\/uploads\\\/2026\\\/05\\\/cropped-KECIKO-LOGO.png\",\"width\":512,\"height\":512,\"caption\":\"KE\u00c7\u0130KO\"},\"image\":{\"@id\":\"https:\\\/\\\/xn--keiko-zra.com\\\/#\\\/schema\\\/logo\\\/image\\\/\"},\"sameAs\":[\"https:\\\/\\\/www.facebook.com\\\/keciboynuzucikolatas\",\"https:\\\/\\\/www.instagram.com\\\/keciko.yoreselgurme\\\/\",\"https:\\\/\\\/www.youtube.com\\\/@keciko5991\"]}]}<\/script>\n<!-- \/ Yoast SEO plugin. -->","yoast_head_json":{"title":"K\u0131rm\u0131z\u0131 Havu\u00e7 Sirkesi - KE\u00c7\u0130KO %","robots":{"index":"index","follow":"follow","max-snippet":"max-snippet:-1","max-image-preview":"max-image-preview:large","max-video-preview":"max-video-preview:-1"},"canonical":"https:\/\/xn--keiko-zra.com\/tr\/urun\/kirmizi-havuc-sirkesi\/","og_locale":"tr_TR","og_type":"article","og_title":"K\u0131rm\u0131z\u0131 Havu\u00e7 Sirkesi - KE\u00c7\u0130KO %","og_description":"tarsus da yeti\u015fen havu\u00e7lardan yapt\u0131\u011f\u0131m\u0131z do\u011fal fermente sirkemiz","og_url":"https:\/\/xn--keiko-zra.com\/tr\/urun\/kirmizi-havuc-sirkesi\/","og_site_name":"KE\u00c7\u0130KO","article_publisher":"https:\/\/www.facebook.com\/keciboynuzucikolatas","article_modified_time":"2025-04-28T10:22:00+00:00","og_image":[{"width":924,"height":2000,"url":"http:\/\/xn--keiko-zra.com\/wp-content\/uploads\/2024\/11\/WhatsApp-Gorsel-2024-11-15-saat-13.09.23_ff4432e4.jpg","type":"image\/jpeg"}],"twitter_card":"summary_large_image","twitter_misc":{"Tahmini okuma s\u00fcresi":"1 dakika"},"schema":{"@context":"https:\/\/schema.org","@graph":[{"@type":"WebPage","@id":"https:\/\/xn--keiko-zra.com\/urun\/kirmizi-havuc-sirkesi\/","url":"https:\/\/xn--keiko-zra.com\/urun\/kirmizi-havuc-sirkesi\/","name":"K\u0131rm\u0131z\u0131 Havu\u00e7 Sirkesi - KE\u00c7\u0130KO %","isPartOf":{"@id":"https:\/\/xn--keiko-zra.com\/#website"},"primaryImageOfPage":{"@id":"https:\/\/xn--keiko-zra.com\/urun\/kirmizi-havuc-sirkesi\/#primaryimage"},"image":{"@id":"https:\/\/xn--keiko-zra.com\/urun\/kirmizi-havuc-sirkesi\/#primaryimage"},"thumbnailUrl":"https:\/\/xn--keiko-zra.com\/wp-content\/uploads\/2024\/11\/WhatsApp-Gorsel-2024-11-15-saat-13.09.23_ff4432e4.jpg","datePublished":"2024-11-15T10:13:42+00:00","dateModified":"2025-04-28T10:22:00+00:00","breadcrumb":{"@id":"https:\/\/xn--keiko-zra.com\/urun\/kirmizi-havuc-sirkesi\/#breadcrumb"},"inLanguage":"tr","potentialAction":[{"@type":"ReadAction","target":["https:\/\/xn--keiko-zra.com\/urun\/kirmizi-havuc-sirkesi\/"]}]},{"@type":"ImageObject","inLanguage":"tr","@id":"https:\/\/xn--keiko-zra.com\/urun\/kirmizi-havuc-sirkesi\/#primaryimage","url":"https:\/\/xn--keiko-zra.com\/wp-content\/uploads\/2024\/11\/WhatsApp-Gorsel-2024-11-15-saat-13.09.23_ff4432e4.jpg","contentUrl":"https:\/\/xn--keiko-zra.com\/wp-content\/uploads\/2024\/11\/WhatsApp-Gorsel-2024-11-15-saat-13.09.23_ff4432e4.jpg","width":924,"height":2000},{"@type":"BreadcrumbList","@id":"https:\/\/xn--keiko-zra.com\/urun\/kirmizi-havuc-sirkesi\/#breadcrumb","itemListElement":[{"@type":"ListItem","position":1,"name":"Anasayfa","item":"https:\/\/xn--keiko-zra.com\/"},{"@type":"ListItem","position":2,"name":"Store","item":"https:\/\/xn--keiko-zra.com\/?page_id=1218"},{"@type":"ListItem","position":3,"name":"K\u0131rm\u0131z\u0131 Havu\u00e7 Sirkesi"}]},{"@type":"WebSite","@id":"https:\/\/xn--keiko-zra.com\/#website","url":"https:\/\/xn--keiko-zra.com\/","name":"KE\u00c7\u0130KO","description":"Taze ve Do\u011fal \u00dcr\u00fcnler","publisher":{"@id":"https:\/\/xn--keiko-zra.com\/#organization"},"potentialAction":[{"@type":"SearchAction","target":{"@type":"EntryPoint","urlTemplate":"https:\/\/xn--keiko-zra.com\/?s={search_term_string}"},"query-input":{"@type":"PropertyValueSpecification","valueRequired":true,"valueName":"search_term_string"}}],"inLanguage":"tr"},{"@type":"Organization","@id":"https:\/\/xn--keiko-zra.com\/#organization","name":"KE\u00c7\u0130KO","url":"https:\/\/xn--keiko-zra.com\/","logo":{"@type":"ImageObject","inLanguage":"tr","@id":"https:\/\/xn--keiko-zra.com\/#\/schema\/logo\/image\/","url":"https:\/\/xn--keiko-zra.com\/wp-content\/uploads\/2026\/05\/cropped-KECIKO-LOGO.png","contentUrl":"https:\/\/xn--keiko-zra.com\/wp-content\/uploads\/2026\/05\/cropped-KECIKO-LOGO.png","width":512,"height":512,"caption":"KE\u00c7\u0130KO"},"image":{"@id":"https:\/\/xn--keiko-zra.com\/#\/schema\/logo\/image\/"},"sameAs":["https:\/\/www.facebook.com\/keciboynuzucikolatas","https:\/\/www.instagram.com\/keciko.yoreselgurme\/","https:\/\/www.youtube.com\/@keciko5991"]}]}},"uagb_featured_image_src":{"full":["https:\/\/xn--keiko-zra.com\/wp-content\/uploads\/2024\/11\/WhatsApp-Gorsel-2024-11-15-saat-13.09.23_ff4432e4.jpg",924,2000,false],"thumbnail":["https:\/\/xn--keiko-zra.com\/wp-content\/uploads\/2024\/11\/WhatsApp-Gorsel-2024-11-15-saat-13.09.23_ff4432e4-150x150.jpg",150,150,true],"medium":["https:\/\/xn--keiko-zra.com\/wp-content\/uploads\/2024\/11\/WhatsApp-Gorsel-2024-11-15-saat-13.09.23_ff4432e4-139x300.jpg",139,300,true],"medium_large":["https:\/\/xn--keiko-zra.com\/wp-content\/uploads\/2024\/11\/WhatsApp-Gorsel-2024-11-15-saat-13.09.23_ff4432e4-768x1662.jpg",768,1662,true],"large":["https:\/\/xn--keiko-zra.com\/wp-content\/uploads\/2024\/11\/WhatsApp-Gorsel-2024-11-15-saat-13.09.23_ff4432e4-473x1024.jpg",473,1024,true],"1536x1536":["https:\/\/xn--keiko-zra.com\/wp-content\/uploads\/2024\/11\/WhatsApp-Gorsel-2024-11-15-saat-13.09.23_ff4432e4-710x1536.jpg",710,1536,true],"2048x2048":["https:\/\/xn--keiko-zra.com\/wp-content\/uploads\/2024\/11\/WhatsApp-Gorsel-2024-11-15-saat-13.09.23_ff4432e4.jpg",924,2000,false],"trp-custom-language-flag":["https:\/\/xn--keiko-zra.com\/wp-content\/uploads\/2024\/11\/WhatsApp-Gorsel-2024-11-15-saat-13.09.23_ff4432e4-6x12.jpg",6,12,true],"wpstory-circle":["https:\/\/xn--keiko-zra.com\/wp-content\/uploads\/2024\/11\/WhatsApp-Gorsel-2024-11-15-saat-13.09.23_ff4432e4-86x86.jpg",86,86,true],"best-shop-slider-full":["https:\/\/xn--keiko-zra.com\/wp-content\/uploads\/2024\/11\/WhatsApp-Gorsel-2024-11-15-saat-13.09.23_ff4432e4.jpg",333,720,false],"best-shop-featured":["https:\/\/xn--keiko-zra.com\/wp-content\/uploads\/2024\/11\/WhatsApp-Gorsel-2024-11-15-saat-13.09.23_ff4432e4.jpg",924,2000,false],"best-shop-medium":["https:\/\/xn--keiko-zra.com\/wp-content\/uploads\/2024\/11\/WhatsApp-Gorsel-2024-11-15-saat-13.09.23_ff4432e4.jpg",245,530,false],"best-shop-medium-square":["https:\/\/xn--keiko-zra.com\/wp-content\/uploads\/2024\/11\/WhatsApp-Gorsel-2024-11-15-saat-13.09.23_ff4432e4.jpg",162,350,false],"best_shop_popular_posts":["https:\/\/xn--keiko-zra.com\/wp-content\/uploads\/2024\/11\/WhatsApp-Gorsel-2024-11-15-saat-13.09.23_ff4432e4.jpg",170,367,false],"best_shop_archive":["https:\/\/xn--keiko-zra.com\/wp-content\/uploads\/2024\/11\/WhatsApp-Gorsel-2024-11-15-saat-13.09.23_ff4432e4.jpg",159,345,false],"best_shop_editor":["https:\/\/xn--keiko-zra.com\/wp-content\/uploads\/2024\/11\/WhatsApp-Gorsel-2024-11-15-saat-13.09.23_ff4432e4.jpg",137,297,false],"mailpoet_newsletter_max":["https:\/\/xn--keiko-zra.com\/wp-content\/uploads\/2024\/11\/WhatsApp-Gorsel-2024-11-15-saat-13.09.23_ff4432e4.jpg",924,2000,false],"woocommerce_thumbnail":["https:\/\/xn--keiko-zra.com\/wp-content\/uploads\/2024\/11\/WhatsApp-Gorsel-2024-11-15-saat-13.09.23_ff4432e4-300x300.jpg",300,300,true],"woocommerce_single":["https:\/\/xn--keiko-zra.com\/wp-content\/uploads\/2024\/11\/WhatsApp-Gorsel-2024-11-15-saat-13.09.23_ff4432e4-600x1299.jpg",600,1299,true],"woocommerce_gallery_thumbnail":["https:\/\/xn--keiko-zra.com\/wp-content\/uploads\/2024\/11\/WhatsApp-Gorsel-2024-11-15-saat-13.09.23_ff4432e4-100x100.jpg",100,100,true],"form-edit-image-preview":["https:\/\/xn--keiko-zra.com\/wp-content\/uploads\/2024\/11\/WhatsApp-Gorsel-2024-11-15-saat-13.09.23_ff4432e4-54x116.jpg",54,116,true],"variation_swatches_image_size":["https:\/\/xn--keiko-zra.com\/wp-content\/uploads\/2024\/11\/WhatsApp-Gorsel-2024-11-15-saat-13.09.23_ff4432e4-50x50.jpg",50,50,true],"variation_swatches_tooltip_size":["https:\/\/xn--keiko-zra.com\/wp-content\/uploads\/2024\/11\/WhatsApp-Gorsel-2024-11-15-saat-13.09.23_ff4432e4-100x100.jpg",100,100,true],"dgwt-wcas-product-suggestion":["https:\/\/xn--keiko-zra.com\/wp-content\/uploads\/2024\/11\/WhatsApp-Gorsel-2024-11-15-saat-13.09.23_ff4432e4-64x139.jpg",64,139,true]},"uagb_author_info":{"display_name":"Y\u00f6netici","author_link":"https:\/\/xn--keiko-zra.com\/tr\/author\/"},"uagb_comment_info":0,"uagb_excerpt":"tarsus da yeti\u015fen havu\u00e7lardan yapt\u0131\u011f\u0131m\u0131z do\u011fal fermente sirkemiz","jetpack_sharing_enabled":true,"_links":{"self":[{"href":"https:\/\/xn--keiko-zra.com\/tr\/wp-json\/wp\/v2\/product\/4311","targetHints":{"allow":["GET"]}}],"collection":[{"href":"https:\/\/xn--keiko-zra.com\/tr\/wp-json\/wp\/v2\/product"}],"about":[{"href":"https:\/\/xn--keiko-zra.com\/tr\/wp-json\/wp\/v2\/types\/product"}],"replies":[{"embeddable":true,"href":"https:\/\/xn--keiko-zra.com\/tr\/wp-json\/wp\/v2\/comments?post=4311"}],"wp:featuredmedia":[{"embeddable":true,"href":"https:\/\/xn--keiko-zra.com\/tr\/wp-json\/wp\/v2\/media\/4313"}],"wp:attachment":[{"href":"https:\/\/xn--keiko-zra.com\/tr\/wp-json\/wp\/v2\/media?parent=4311"}],"wp:term":[{"taxonomy":"product_brand","embeddable":true,"href":"https:\/\/xn--keiko-zra.com\/tr\/wp-json\/wp\/v2\/product_brand?post=4311"},{"taxonomy":"product_cat","embeddable":true,"href":"https:\/\/xn--keiko-zra.com\/tr\/wp-json\/wp\/v2\/product_cat?post=4311"},{"taxonomy":"product_tag","embeddable":true,"href":"https:\/\/xn--keiko-zra.com\/tr\/wp-json\/wp\/v2\/product_tag?post=4311"}],"curies":[{"name":"wp","href":"https:\/\/api.w.org\/{rel}","templated":true}]}}