{"id":3347,"date":"2023-01-02T14:30:08","date_gmt":"2023-01-02T11:30:08","guid":{"rendered":"https:\/\/xn--keiko-zra.com\/?post_type=product&#038;p=3347"},"modified":"2025-04-28T13:31:38","modified_gmt":"2025-04-28T10:31:38","slug":"konserve-saksuka","status":"publish","type":"product","link":"https:\/\/xn--keiko-zra.com\/tr\/urun\/konserve-saksuka\/","title":{"rendered":"Konserve \u015eak\u015fuka (660g)"},"content":{"rendered":"<p>Tarsus\u2019a \u00f6zg\u00fc patl\u0131can\u0131n k\u0131zart\u0131larak yine Tarsus\u2019a \u00f6zg\u00fc domateslerle pi\u015firilerek haz\u0131rlanm\u0131\u015f ister yemeklerde ister mezelerde kullanabilece\u011finiz ev yap\u0131m\u0131 \u015fak\u015fukam\u0131z.<\/p>\n<p>(660g)<\/p>","protected":false},"excerpt":{"rendered":"<p>Tarsus\u2019a \u00f6zg\u00fc patl\u0131can\u0131n k\u0131zart\u0131larak yine Tarsus\u2019a \u00f6zg\u00fc domateslerle pi\u015firilerek haz\u0131rlanm\u0131\u015f ister yemeklerde ister mezelerde kullanabilece\u011finiz ev yap\u0131m\u0131 \u015fak\u015fukam\u0131z. (660g)<\/p>","protected":false},"featured_media":3348,"comment_status":"open","ping_status":"closed","template":"","meta":{"om_disable_all_campaigns":false,"_uag_custom_page_level_css":"","_monsterinsights_skip_tracking":false,"_monsterinsights_sitenote_active":false,"_monsterinsights_sitenote_note":"","_monsterinsights_sitenote_category":0,"_themeisle_gutenberg_block_has_review":false},"product_brand":[],"product_cat":[556,602,315],"product_tag":[558,559,557,318],"class_list":{"0":"post-3347","1":"product","2":"type-product","3":"status-publish","4":"has-post-thumbnail","6":"product_cat-konserve-saksuka","7":"product_cat-konserveler","8":"product_cat-tum-urunler","9":"product_tag-konserve-saksuka","10":"product_tag-meze","11":"product_tag-saksuka","12":"product_tag-tum-urunler","14":"first","15":"instock","16":"shipping-taxable","17":"purchasable","18":"product-type-simple"},"yoast_head":"<!-- This site is optimized with the Yoast SEO plugin v27.5 - https:\/\/yoast.com\/product\/yoast-seo-wordpress\/ -->\n<title>Konserve \u015eak\u015fuka (660g) - KE\u00c7\u0130KO<\/title>\n<meta name=\"description\" content=\"Tarsus&#039;a \u00f6zg\u00fc patl\u0131can\u0131n k\u0131zart\u0131larak yine Tarsus&#039;a \u00f6zg\u00fc domateslerle pi\u015firilerek haz\u0131rlanm\u0131\u015f ister yemeklerde ister mezelerde kullanabilece\u011finiz ev yap\u0131m\u0131 \u015fak\u015fukam\u0131z.(660g)\" \/>\n<meta name=\"robots\" content=\"index, follow, max-snippet:-1, max-image-preview:large, max-video-preview:-1\" \/>\n<link rel=\"canonical\" href=\"https:\/\/xn--keiko-zra.com\/tr\/urun\/konserve-saksuka\/\" \/>\n<meta property=\"og:locale\" content=\"tr_TR\" \/>\n<meta property=\"og:type\" content=\"article\" \/>\n<meta property=\"og:title\" content=\"Konserve \u015eak\u015fuka (660g) - KE\u00c7\u0130KO\" \/>\n<meta property=\"og:description\" content=\"Tarsus&#039;a \u00f6zg\u00fc patl\u0131can\u0131n k\u0131zart\u0131larak yine Tarsus&#039;a \u00f6zg\u00fc domateslerle pi\u015firilerek haz\u0131rlanm\u0131\u015f ister yemeklerde ister mezelerde kullanabilece\u011finiz ev yap\u0131m\u0131 \u015fak\u015fukam\u0131z.(660g)\" \/>\n<meta property=\"og:url\" content=\"https:\/\/xn--keiko-zra.com\/tr\/urun\/konserve-saksuka\/\" \/>\n<meta property=\"og:site_name\" content=\"KE\u00c7\u0130KO\" \/>\n<meta property=\"article:publisher\" content=\"https:\/\/www.facebook.com\/keciboynuzucikolatas\" \/>\n<meta property=\"article:modified_time\" content=\"2025-04-28T10:31:38+00:00\" \/>\n<meta property=\"og:image\" content=\"http:\/\/xn--keiko-zra.com\/wp-content\/uploads\/2023\/01\/1-9.jpg\" \/>\n\t<meta property=\"og:image:width\" content=\"1000\" \/>\n\t<meta property=\"og:image:height\" content=\"1000\" \/>\n\t<meta property=\"og:image:type\" content=\"image\/jpeg\" \/>\n<meta name=\"twitter:card\" content=\"summary_large_image\" \/>\n<meta name=\"twitter:label1\" content=\"Tahmini okuma s\u00fcresi\" \/>\n\t<meta name=\"twitter:data1\" content=\"1 dakika\" \/>\n<script type=\"application\/ld+json\" class=\"yoast-schema-graph\">{\"@context\":\"https:\\\/\\\/schema.org\",\"@graph\":[{\"@type\":\"WebPage\",\"@id\":\"https:\\\/\\\/xn--keiko-zra.com\\\/urun\\\/konserve-saksuka\\\/\",\"url\":\"https:\\\/\\\/xn--keiko-zra.com\\\/urun\\\/konserve-saksuka\\\/\",\"name\":\"Konserve \u015eak\u015fuka (660g) - KE\u00c7\u0130KO\",\"isPartOf\":{\"@id\":\"https:\\\/\\\/xn--keiko-zra.com\\\/#website\"},\"primaryImageOfPage\":{\"@id\":\"https:\\\/\\\/xn--keiko-zra.com\\\/urun\\\/konserve-saksuka\\\/#primaryimage\"},\"image\":{\"@id\":\"https:\\\/\\\/xn--keiko-zra.com\\\/urun\\\/konserve-saksuka\\\/#primaryimage\"},\"thumbnailUrl\":\"https:\\\/\\\/xn--keiko-zra.com\\\/wp-content\\\/uploads\\\/2023\\\/01\\\/1-9.jpg\",\"datePublished\":\"2023-01-02T11:30:08+00:00\",\"dateModified\":\"2025-04-28T10:31:38+00:00\",\"description\":\"Tarsus'a \u00f6zg\u00fc patl\u0131can\u0131n k\u0131zart\u0131larak yine Tarsus'a \u00f6zg\u00fc domateslerle pi\u015firilerek haz\u0131rlanm\u0131\u015f ister yemeklerde ister mezelerde kullanabilece\u011finiz ev yap\u0131m\u0131 \u015fak\u015fukam\u0131z.(660g)\",\"breadcrumb\":{\"@id\":\"https:\\\/\\\/xn--keiko-zra.com\\\/urun\\\/konserve-saksuka\\\/#breadcrumb\"},\"inLanguage\":\"tr\",\"potentialAction\":[{\"@type\":\"ReadAction\",\"target\":[\"https:\\\/\\\/xn--keiko-zra.com\\\/urun\\\/konserve-saksuka\\\/\"]}]},{\"@type\":\"ImageObject\",\"inLanguage\":\"tr\",\"@id\":\"https:\\\/\\\/xn--keiko-zra.com\\\/urun\\\/konserve-saksuka\\\/#primaryimage\",\"url\":\"https:\\\/\\\/xn--keiko-zra.com\\\/wp-content\\\/uploads\\\/2023\\\/01\\\/1-9.jpg\",\"contentUrl\":\"https:\\\/\\\/xn--keiko-zra.com\\\/wp-content\\\/uploads\\\/2023\\\/01\\\/1-9.jpg\",\"width\":1000,\"height\":1000},{\"@type\":\"BreadcrumbList\",\"@id\":\"https:\\\/\\\/xn--keiko-zra.com\\\/urun\\\/konserve-saksuka\\\/#breadcrumb\",\"itemListElement\":[{\"@type\":\"ListItem\",\"position\":1,\"name\":\"Anasayfa\",\"item\":\"https:\\\/\\\/xn--keiko-zra.com\\\/\"},{\"@type\":\"ListItem\",\"position\":2,\"name\":\"Store\",\"item\":\"https:\\\/\\\/xn--keiko-zra.com\\\/?page_id=1218\"},{\"@type\":\"ListItem\",\"position\":3,\"name\":\"Konserve \u015eak\u015fuka (660g)\"}]},{\"@type\":\"WebSite\",\"@id\":\"https:\\\/\\\/xn--keiko-zra.com\\\/#website\",\"url\":\"https:\\\/\\\/xn--keiko-zra.com\\\/\",\"name\":\"KE\u00c7\u0130KO\",\"description\":\"Taze ve Do\u011fal \u00dcr\u00fcnler\",\"publisher\":{\"@id\":\"https:\\\/\\\/xn--keiko-zra.com\\\/#organization\"},\"potentialAction\":[{\"@type\":\"SearchAction\",\"target\":{\"@type\":\"EntryPoint\",\"urlTemplate\":\"https:\\\/\\\/xn--keiko-zra.com\\\/?s={search_term_string}\"},\"query-input\":{\"@type\":\"PropertyValueSpecification\",\"valueRequired\":true,\"valueName\":\"search_term_string\"}}],\"inLanguage\":\"tr\"},{\"@type\":\"Organization\",\"@id\":\"https:\\\/\\\/xn--keiko-zra.com\\\/#organization\",\"name\":\"KE\u00c7\u0130KO\",\"url\":\"https:\\\/\\\/xn--keiko-zra.com\\\/\",\"logo\":{\"@type\":\"ImageObject\",\"inLanguage\":\"tr\",\"@id\":\"https:\\\/\\\/xn--keiko-zra.com\\\/#\\\/schema\\\/logo\\\/image\\\/\",\"url\":\"https:\\\/\\\/xn--keiko-zra.com\\\/wp-content\\\/uploads\\\/2026\\\/05\\\/cropped-KECIKO-LOGO.png\",\"contentUrl\":\"https:\\\/\\\/xn--keiko-zra.com\\\/wp-content\\\/uploads\\\/2026\\\/05\\\/cropped-KECIKO-LOGO.png\",\"width\":512,\"height\":512,\"caption\":\"KE\u00c7\u0130KO\"},\"image\":{\"@id\":\"https:\\\/\\\/xn--keiko-zra.com\\\/#\\\/schema\\\/logo\\\/image\\\/\"},\"sameAs\":[\"https:\\\/\\\/www.facebook.com\\\/keciboynuzucikolatas\",\"https:\\\/\\\/www.instagram.com\\\/keciko.yoreselgurme\\\/\",\"https:\\\/\\\/www.youtube.com\\\/@keciko5991\"]}]}<\/script>\n<!-- \/ Yoast SEO plugin. -->","yoast_head_json":{"title":"Konserve \u015eak\u015fuka (660g) - KE\u00c7\u0130KO","description":"Tarsus'a \u00f6zg\u00fc patl\u0131can\u0131n k\u0131zart\u0131larak yine Tarsus'a \u00f6zg\u00fc domateslerle pi\u015firilerek haz\u0131rlanm\u0131\u015f ister yemeklerde ister mezelerde kullanabilece\u011finiz ev yap\u0131m\u0131 \u015fak\u015fukam\u0131z.(660g)","robots":{"index":"index","follow":"follow","max-snippet":"max-snippet:-1","max-image-preview":"max-image-preview:large","max-video-preview":"max-video-preview:-1"},"canonical":"https:\/\/xn--keiko-zra.com\/tr\/urun\/konserve-saksuka\/","og_locale":"tr_TR","og_type":"article","og_title":"Konserve \u015eak\u015fuka (660g) - KE\u00c7\u0130KO","og_description":"Tarsus'a \u00f6zg\u00fc patl\u0131can\u0131n k\u0131zart\u0131larak yine Tarsus'a \u00f6zg\u00fc domateslerle pi\u015firilerek haz\u0131rlanm\u0131\u015f ister yemeklerde ister mezelerde kullanabilece\u011finiz ev yap\u0131m\u0131 \u015fak\u015fukam\u0131z.(660g)","og_url":"https:\/\/xn--keiko-zra.com\/tr\/urun\/konserve-saksuka\/","og_site_name":"KE\u00c7\u0130KO","article_publisher":"https:\/\/www.facebook.com\/keciboynuzucikolatas","article_modified_time":"2025-04-28T10:31:38+00:00","og_image":[{"width":1000,"height":1000,"url":"http:\/\/xn--keiko-zra.com\/wp-content\/uploads\/2023\/01\/1-9.jpg","type":"image\/jpeg"}],"twitter_card":"summary_large_image","twitter_misc":{"Tahmini okuma s\u00fcresi":"1 dakika"},"schema":{"@context":"https:\/\/schema.org","@graph":[{"@type":"WebPage","@id":"https:\/\/xn--keiko-zra.com\/urun\/konserve-saksuka\/","url":"https:\/\/xn--keiko-zra.com\/urun\/konserve-saksuka\/","name":"Konserve \u015eak\u015fuka (660g) - KE\u00c7\u0130KO","isPartOf":{"@id":"https:\/\/xn--keiko-zra.com\/#website"},"primaryImageOfPage":{"@id":"https:\/\/xn--keiko-zra.com\/urun\/konserve-saksuka\/#primaryimage"},"image":{"@id":"https:\/\/xn--keiko-zra.com\/urun\/konserve-saksuka\/#primaryimage"},"thumbnailUrl":"https:\/\/xn--keiko-zra.com\/wp-content\/uploads\/2023\/01\/1-9.jpg","datePublished":"2023-01-02T11:30:08+00:00","dateModified":"2025-04-28T10:31:38+00:00","description":"Tarsus'a \u00f6zg\u00fc patl\u0131can\u0131n k\u0131zart\u0131larak yine Tarsus'a \u00f6zg\u00fc domateslerle pi\u015firilerek haz\u0131rlanm\u0131\u015f ister yemeklerde ister mezelerde kullanabilece\u011finiz ev yap\u0131m\u0131 \u015fak\u015fukam\u0131z.(660g)","breadcrumb":{"@id":"https:\/\/xn--keiko-zra.com\/urun\/konserve-saksuka\/#breadcrumb"},"inLanguage":"tr","potentialAction":[{"@type":"ReadAction","target":["https:\/\/xn--keiko-zra.com\/urun\/konserve-saksuka\/"]}]},{"@type":"ImageObject","inLanguage":"tr","@id":"https:\/\/xn--keiko-zra.com\/urun\/konserve-saksuka\/#primaryimage","url":"https:\/\/xn--keiko-zra.com\/wp-content\/uploads\/2023\/01\/1-9.jpg","contentUrl":"https:\/\/xn--keiko-zra.com\/wp-content\/uploads\/2023\/01\/1-9.jpg","width":1000,"height":1000},{"@type":"BreadcrumbList","@id":"https:\/\/xn--keiko-zra.com\/urun\/konserve-saksuka\/#breadcrumb","itemListElement":[{"@type":"ListItem","position":1,"name":"Anasayfa","item":"https:\/\/xn--keiko-zra.com\/"},{"@type":"ListItem","position":2,"name":"Store","item":"https:\/\/xn--keiko-zra.com\/?page_id=1218"},{"@type":"ListItem","position":3,"name":"Konserve \u015eak\u015fuka (660g)"}]},{"@type":"WebSite","@id":"https:\/\/xn--keiko-zra.com\/#website","url":"https:\/\/xn--keiko-zra.com\/","name":"KE\u00c7\u0130KO","description":"Taze ve Do\u011fal \u00dcr\u00fcnler","publisher":{"@id":"https:\/\/xn--keiko-zra.com\/#organization"},"potentialAction":[{"@type":"SearchAction","target":{"@type":"EntryPoint","urlTemplate":"https:\/\/xn--keiko-zra.com\/?s={search_term_string}"},"query-input":{"@type":"PropertyValueSpecification","valueRequired":true,"valueName":"search_term_string"}}],"inLanguage":"tr"},{"@type":"Organization","@id":"https:\/\/xn--keiko-zra.com\/#organization","name":"KE\u00c7\u0130KO","url":"https:\/\/xn--keiko-zra.com\/","logo":{"@type":"ImageObject","inLanguage":"tr","@id":"https:\/\/xn--keiko-zra.com\/#\/schema\/logo\/image\/","url":"https:\/\/xn--keiko-zra.com\/wp-content\/uploads\/2026\/05\/cropped-KECIKO-LOGO.png","contentUrl":"https:\/\/xn--keiko-zra.com\/wp-content\/uploads\/2026\/05\/cropped-KECIKO-LOGO.png","width":512,"height":512,"caption":"KE\u00c7\u0130KO"},"image":{"@id":"https:\/\/xn--keiko-zra.com\/#\/schema\/logo\/image\/"},"sameAs":["https:\/\/www.facebook.com\/keciboynuzucikolatas","https:\/\/www.instagram.com\/keciko.yoreselgurme\/","https:\/\/www.youtube.com\/@keciko5991"]}]}},"uagb_featured_image_src":{"full":["https:\/\/xn--keiko-zra.com\/wp-content\/uploads\/2023\/01\/1-9.jpg",1000,1000,false],"thumbnail":["https:\/\/xn--keiko-zra.com\/wp-content\/uploads\/2023\/01\/1-9-150x150.jpg",150,150,true],"medium":["https:\/\/xn--keiko-zra.com\/wp-content\/uploads\/2023\/01\/1-9-300x300.jpg",300,300,true],"medium_large":["https:\/\/xn--keiko-zra.com\/wp-content\/uploads\/2023\/01\/1-9-768x768.jpg",768,768,true],"large":["https:\/\/xn--keiko-zra.com\/wp-content\/uploads\/2023\/01\/1-9.jpg",820,820,false],"1536x1536":["https:\/\/xn--keiko-zra.com\/wp-content\/uploads\/2023\/01\/1-9.jpg",1000,1000,false],"2048x2048":["https:\/\/xn--keiko-zra.com\/wp-content\/uploads\/2023\/01\/1-9.jpg",1000,1000,false],"trp-custom-language-flag":["https:\/\/xn--keiko-zra.com\/wp-content\/uploads\/2023\/01\/1-9-12x12.jpg",12,12,true],"wpstory-circle":["https:\/\/xn--keiko-zra.com\/wp-content\/uploads\/2023\/01\/1-9-86x86.jpg",86,86,true],"best-shop-slider-full":["https:\/\/xn--keiko-zra.com\/wp-content\/uploads\/2023\/01\/1-9.jpg",720,720,false],"best-shop-featured":["https:\/\/xn--keiko-zra.com\/wp-content\/uploads\/2023\/01\/1-9.jpg",1000,1000,false],"best-shop-medium":["https:\/\/xn--keiko-zra.com\/wp-content\/uploads\/2023\/01\/1-9.jpg",530,530,false],"best-shop-medium-square":["https:\/\/xn--keiko-zra.com\/wp-content\/uploads\/2023\/01\/1-9.jpg",350,350,false],"best_shop_popular_posts":["https:\/\/xn--keiko-zra.com\/wp-content\/uploads\/2023\/01\/1-9.jpg",367,367,false],"best_shop_archive":["https:\/\/xn--keiko-zra.com\/wp-content\/uploads\/2023\/01\/1-9.jpg",345,345,false],"best_shop_editor":["https:\/\/xn--keiko-zra.com\/wp-content\/uploads\/2023\/01\/1-9.jpg",297,297,false],"mailpoet_newsletter_max":["https:\/\/xn--keiko-zra.com\/wp-content\/uploads\/2023\/01\/1-9.jpg",1000,1000,false],"woocommerce_thumbnail":["https:\/\/xn--keiko-zra.com\/wp-content\/uploads\/2023\/01\/1-9-300x300.jpg",300,300,true],"woocommerce_single":["https:\/\/xn--keiko-zra.com\/wp-content\/uploads\/2023\/01\/1-9-600x600.jpg",600,600,true],"woocommerce_gallery_thumbnail":["https:\/\/xn--keiko-zra.com\/wp-content\/uploads\/2023\/01\/1-9-100x100.jpg",100,100,true],"form-edit-image-preview":["https:\/\/xn--keiko-zra.com\/wp-content\/uploads\/2023\/01\/1-9-116x116.jpg",116,116,true],"variation_swatches_image_size":["https:\/\/xn--keiko-zra.com\/wp-content\/uploads\/2023\/01\/1-9-50x50.jpg",50,50,true],"variation_swatches_tooltip_size":["https:\/\/xn--keiko-zra.com\/wp-content\/uploads\/2023\/01\/1-9-100x100.jpg",100,100,true],"dgwt-wcas-product-suggestion":["https:\/\/xn--keiko-zra.com\/wp-content\/uploads\/2023\/01\/1-9-64x64.jpg",64,64,true]},"uagb_author_info":{"display_name":"Y\u00f6netici","author_link":"https:\/\/xn--keiko-zra.com\/tr\/author\/"},"uagb_comment_info":0,"uagb_excerpt":"Tarsus\u2019a \u00f6zg\u00fc patl\u0131can\u0131n k\u0131zart\u0131larak yine Tarsus\u2019a \u00f6zg\u00fc domateslerle pi\u015firilerek haz\u0131rlanm\u0131\u015f ister yemeklerde ister mezelerde kullanabilece\u011finiz ev yap\u0131m\u0131 \u015fak\u015fukam\u0131z. (660g)","jetpack_sharing_enabled":true,"_links":{"self":[{"href":"https:\/\/xn--keiko-zra.com\/tr\/wp-json\/wp\/v2\/product\/3347","targetHints":{"allow":["GET"]}}],"collection":[{"href":"https:\/\/xn--keiko-zra.com\/tr\/wp-json\/wp\/v2\/product"}],"about":[{"href":"https:\/\/xn--keiko-zra.com\/tr\/wp-json\/wp\/v2\/types\/product"}],"replies":[{"embeddable":true,"href":"https:\/\/xn--keiko-zra.com\/tr\/wp-json\/wp\/v2\/comments?post=3347"}],"wp:featuredmedia":[{"embeddable":true,"href":"https:\/\/xn--keiko-zra.com\/tr\/wp-json\/wp\/v2\/media\/3348"}],"wp:attachment":[{"href":"https:\/\/xn--keiko-zra.com\/tr\/wp-json\/wp\/v2\/media?parent=3347"}],"wp:term":[{"taxonomy":"product_brand","embeddable":true,"href":"https:\/\/xn--keiko-zra.com\/tr\/wp-json\/wp\/v2\/product_brand?post=3347"},{"taxonomy":"product_cat","embeddable":true,"href":"https:\/\/xn--keiko-zra.com\/tr\/wp-json\/wp\/v2\/product_cat?post=3347"},{"taxonomy":"product_tag","embeddable":true,"href":"https:\/\/xn--keiko-zra.com\/tr\/wp-json\/wp\/v2\/product_tag?post=3347"}],"curies":[{"name":"wp","href":"https:\/\/api.w.org\/{rel}","templated":true}]}}