{"id":2353,"date":"2022-11-25T12:32:53","date_gmt":"2022-11-25T09:32:53","guid":{"rendered":"https:\/\/xn--keiko-zra.com\/?post_type=product&#038;p=2353"},"modified":"2026-05-04T16:48:14","modified_gmt":"2026-05-04T13:48:14","slug":"keciboynuzu-cikolatasi-ve-kremasi","status":"publish","type":"product","link":"https:\/\/xn--keiko-zra.com\/tr\/urun\/keciboynuzu-cikolatasi-ve-kremasi\/","title":{"rendered":"Ke\u00e7iboynuzu \u00c7ikolatas\u0131 ve Kremas\u0131"},"content":{"rendered":"<p><span style=\"vertical-align: inherit;\"><span style=\"vertical-align: inherit;\">So\u011fuk s\u0131k\u0131m ke\u00e7i boynuzu \u00f6z\u00fc, ke\u00e7i boynuzu tozu, ke\u00e7iu gam\u0131 \u200b\u200bile yapm\u0131\u015f oldu\u011fumuz \u015feker ilavesi bulunmayan tablolara sa\u011fl\u0131kl\u0131 \u00e7ikolataya alternatif bir \u00fcr\u00fcn.<\/span><\/span><\/p>\n<p><span style=\"vertical-align: inherit;\"><span style=\"vertical-align: inherit;\">(Tescilli Tarsusta ilk \u00dcretimi ve \u0130smi bize aittir)<\/span><\/span><\/p>","protected":false},"excerpt":{"rendered":"<p>So\u011fuk s\u0131k\u0131m ke\u00e7i boynuzu \u00f6z\u00fc, ke\u00e7i boynuzu tozu, ke\u00e7iu gam\u0131 \u200b\u200bile yapm\u0131\u015f oldu\u011fumuz \u015feker ilavesi bulunmayan tablolara sa\u011fl\u0131kl\u0131 \u00e7ikolataya alternatif bir \u00fcr\u00fcn. (Tescilli Tarsusta ilk \u00dcretimi ve \u0130smi bize aittir)<\/p>","protected":false},"featured_media":3068,"comment_status":"open","ping_status":"closed","template":"","meta":{"om_disable_all_campaigns":false,"_uag_custom_page_level_css":"","_monsterinsights_skip_tracking":false,"_monsterinsights_sitenote_active":false,"_monsterinsights_sitenote_note":"","_monsterinsights_sitenote_category":0,"_themeisle_gutenberg_block_has_review":false},"product_brand":[],"product_cat":[186,599,605,149,185,188,187,313,315],"product_tag":[106,43,189,190,105,191],"class_list":{"0":"post-2353","1":"product","2":"type-product","3":"status-publish","4":"has-post-thumbnail","6":"product_cat-cikolata","7":"product_cat-en-cok-satanlar","8":"product_cat-kahvaltiliklar","9":"product_cat-keciboynuzu","10":"product_cat-keciboynuzu-cikolatasi-ve-kremasi","11":"product_cat-keciko","12":"product_cat-krema","13":"product_cat-tavsiye-edilenler","14":"product_cat-tum-urunler","15":"product_tag-cikolata","16":"product_tag-keciboynuzu","17":"product_tag-keciboynuzu-cikolatasi","18":"product_tag-keciboynuzu-cikolatasi-ve-kremasi","19":"product_tag-keciko","20":"product_tag-krema","22":"first","23":"instock","24":"shipping-taxable","25":"purchasable","26":"product-type-variable"},"yoast_head":"<!-- This site is optimized with the Yoast SEO plugin v27.5 - https:\/\/yoast.com\/product\/yoast-seo-wordpress\/ -->\n<title>Ke\u00e7iboynuzu \u00c7ikolatas\u0131 ve Kremas\u0131 - KE\u00c7\u0130KO<\/title>\n<meta name=\"description\" content=\"So\u011fuk s\u0131k\u0131m ke\u00e7i boynuzu \u00f6z\u00fc, ke\u00e7i boynuzu tozu, ke\u00e7i boynuzu gam\u0131 ile yapm\u0131\u015f oldu\u011fumuz \u015feker ilavesi bulunmayan \u00e7ocuklar\u0131m\u0131za sa\u011fl\u0131kl\u0131 \u00e7ikolataya alternatif bir \u00fcr\u00fcn.(Tescilli Tarsusta ilk \u00dcretimi ve \u0130smi bize aittir)\" \/>\n<meta name=\"robots\" content=\"index, follow, max-snippet:-1, max-image-preview:large, max-video-preview:-1\" \/>\n<link rel=\"canonical\" href=\"https:\/\/xn--keiko-zra.com\/tr\/urun\/keciboynuzu-cikolatasi-ve-kremasi\/\" \/>\n<meta property=\"og:locale\" content=\"tr_TR\" \/>\n<meta property=\"og:type\" content=\"article\" \/>\n<meta property=\"og:title\" content=\"Ke\u00e7iboynuzu \u00c7ikolatas\u0131 ve Kremas\u0131 - KE\u00c7\u0130KO\" \/>\n<meta property=\"og:description\" content=\"So\u011fuk s\u0131k\u0131m ke\u00e7i boynuzu \u00f6z\u00fc, ke\u00e7i boynuzu tozu, ke\u00e7i boynuzu gam\u0131 ile yapm\u0131\u015f oldu\u011fumuz \u015feker ilavesi bulunmayan \u00e7ocuklar\u0131m\u0131za sa\u011fl\u0131kl\u0131 \u00e7ikolataya alternatif bir \u00fcr\u00fcn.(Tescilli Tarsusta ilk \u00dcretimi ve \u0130smi bize aittir)\" \/>\n<meta property=\"og:url\" content=\"https:\/\/xn--keiko-zra.com\/tr\/urun\/keciboynuzu-cikolatasi-ve-kremasi\/\" \/>\n<meta property=\"og:site_name\" content=\"KE\u00c7\u0130KO\" \/>\n<meta property=\"article:publisher\" content=\"https:\/\/www.facebook.com\/keciboynuzucikolatas\" \/>\n<meta property=\"article:modified_time\" content=\"2026-05-04T13:48:14+00:00\" \/>\n<meta property=\"og:image\" content=\"http:\/\/xn--keiko-zra.com\/wp-content\/uploads\/2022\/11\/230.jpg\" \/>\n\t<meta property=\"og:image:width\" content=\"1000\" \/>\n\t<meta property=\"og:image:height\" content=\"1000\" \/>\n\t<meta property=\"og:image:type\" content=\"image\/jpeg\" \/>\n<meta name=\"twitter:card\" content=\"summary_large_image\" \/>\n<meta name=\"twitter:label1\" content=\"Tahmini okuma s\u00fcresi\" \/>\n\t<meta name=\"twitter:data1\" content=\"1 dakika\" \/>\n<script type=\"application\/ld+json\" class=\"yoast-schema-graph\">{\"@context\":\"https:\\\/\\\/schema.org\",\"@graph\":[{\"@type\":\"WebPage\",\"@id\":\"https:\\\/\\\/xn--keiko-zra.com\\\/urun\\\/keciboynuzu-cikolatasi-ve-kremasi\\\/\",\"url\":\"https:\\\/\\\/xn--keiko-zra.com\\\/urun\\\/keciboynuzu-cikolatasi-ve-kremasi\\\/\",\"name\":\"Ke\u00e7iboynuzu \u00c7ikolatas\u0131 ve Kremas\u0131 - KE\u00c7\u0130KO\",\"isPartOf\":{\"@id\":\"https:\\\/\\\/xn--keiko-zra.com\\\/#website\"},\"primaryImageOfPage\":{\"@id\":\"https:\\\/\\\/xn--keiko-zra.com\\\/urun\\\/keciboynuzu-cikolatasi-ve-kremasi\\\/#primaryimage\"},\"image\":{\"@id\":\"https:\\\/\\\/xn--keiko-zra.com\\\/urun\\\/keciboynuzu-cikolatasi-ve-kremasi\\\/#primaryimage\"},\"thumbnailUrl\":\"https:\\\/\\\/xn--keiko-zra.com\\\/wp-content\\\/uploads\\\/2022\\\/11\\\/230.jpg\",\"datePublished\":\"2022-11-25T09:32:53+00:00\",\"dateModified\":\"2026-05-04T13:48:14+00:00\",\"description\":\"So\u011fuk s\u0131k\u0131m ke\u00e7i boynuzu \u00f6z\u00fc, ke\u00e7i boynuzu tozu, ke\u00e7i boynuzu gam\u0131 ile yapm\u0131\u015f oldu\u011fumuz \u015feker ilavesi bulunmayan \u00e7ocuklar\u0131m\u0131za sa\u011fl\u0131kl\u0131 \u00e7ikolataya alternatif bir \u00fcr\u00fcn.(Tescilli Tarsusta ilk \u00dcretimi ve \u0130smi bize aittir)\",\"breadcrumb\":{\"@id\":\"https:\\\/\\\/xn--keiko-zra.com\\\/urun\\\/keciboynuzu-cikolatasi-ve-kremasi\\\/#breadcrumb\"},\"inLanguage\":\"tr\",\"potentialAction\":[{\"@type\":\"ReadAction\",\"target\":[\"https:\\\/\\\/xn--keiko-zra.com\\\/urun\\\/keciboynuzu-cikolatasi-ve-kremasi\\\/\"]}]},{\"@type\":\"ImageObject\",\"inLanguage\":\"tr\",\"@id\":\"https:\\\/\\\/xn--keiko-zra.com\\\/urun\\\/keciboynuzu-cikolatasi-ve-kremasi\\\/#primaryimage\",\"url\":\"https:\\\/\\\/xn--keiko-zra.com\\\/wp-content\\\/uploads\\\/2022\\\/11\\\/230.jpg\",\"contentUrl\":\"https:\\\/\\\/xn--keiko-zra.com\\\/wp-content\\\/uploads\\\/2022\\\/11\\\/230.jpg\",\"width\":1000,\"height\":1000},{\"@type\":\"BreadcrumbList\",\"@id\":\"https:\\\/\\\/xn--keiko-zra.com\\\/urun\\\/keciboynuzu-cikolatasi-ve-kremasi\\\/#breadcrumb\",\"itemListElement\":[{\"@type\":\"ListItem\",\"position\":1,\"name\":\"Anasayfa\",\"item\":\"https:\\\/\\\/xn--keiko-zra.com\\\/\"},{\"@type\":\"ListItem\",\"position\":2,\"name\":\"Store\",\"item\":\"https:\\\/\\\/xn--keiko-zra.com\\\/?page_id=1218\"},{\"@type\":\"ListItem\",\"position\":3,\"name\":\"Ke\u00e7iboynuzu \u00c7ikolatas\u0131 ve Kremas\u0131\"}]},{\"@type\":\"WebSite\",\"@id\":\"https:\\\/\\\/xn--keiko-zra.com\\\/#website\",\"url\":\"https:\\\/\\\/xn--keiko-zra.com\\\/\",\"name\":\"KE\u00c7\u0130KO\",\"description\":\"Taze ve Do\u011fal \u00dcr\u00fcnler\",\"publisher\":{\"@id\":\"https:\\\/\\\/xn--keiko-zra.com\\\/#organization\"},\"potentialAction\":[{\"@type\":\"SearchAction\",\"target\":{\"@type\":\"EntryPoint\",\"urlTemplate\":\"https:\\\/\\\/xn--keiko-zra.com\\\/?s={search_term_string}\"},\"query-input\":{\"@type\":\"PropertyValueSpecification\",\"valueRequired\":true,\"valueName\":\"search_term_string\"}}],\"inLanguage\":\"tr\"},{\"@type\":\"Organization\",\"@id\":\"https:\\\/\\\/xn--keiko-zra.com\\\/#organization\",\"name\":\"KE\u00c7\u0130KO\",\"url\":\"https:\\\/\\\/xn--keiko-zra.com\\\/\",\"logo\":{\"@type\":\"ImageObject\",\"inLanguage\":\"tr\",\"@id\":\"https:\\\/\\\/xn--keiko-zra.com\\\/#\\\/schema\\\/logo\\\/image\\\/\",\"url\":\"https:\\\/\\\/xn--keiko-zra.com\\\/wp-content\\\/uploads\\\/2026\\\/05\\\/cropped-KECIKO-LOGO.png\",\"contentUrl\":\"https:\\\/\\\/xn--keiko-zra.com\\\/wp-content\\\/uploads\\\/2026\\\/05\\\/cropped-KECIKO-LOGO.png\",\"width\":512,\"height\":512,\"caption\":\"KE\u00c7\u0130KO\"},\"image\":{\"@id\":\"https:\\\/\\\/xn--keiko-zra.com\\\/#\\\/schema\\\/logo\\\/image\\\/\"},\"sameAs\":[\"https:\\\/\\\/www.facebook.com\\\/keciboynuzucikolatas\",\"https:\\\/\\\/www.instagram.com\\\/keciko.yoreselgurme\\\/\",\"https:\\\/\\\/www.youtube.com\\\/@keciko5991\"]}]}<\/script>\n<!-- \/ Yoast SEO plugin. -->","yoast_head_json":{"title":"Ke\u00e7iboynuzu \u00c7ikolatas\u0131 ve Kremas\u0131 - KE\u00c7\u0130KO","description":"So\u011fuk s\u0131k\u0131m ke\u00e7i boynuzu \u00f6z\u00fc, ke\u00e7i boynuzu tozu, ke\u00e7i boynuzu gam\u0131 ile yapm\u0131\u015f oldu\u011fumuz \u015feker ilavesi bulunmayan \u00e7ocuklar\u0131m\u0131za sa\u011fl\u0131kl\u0131 \u00e7ikolataya alternatif bir \u00fcr\u00fcn.(Tescilli Tarsusta ilk \u00dcretimi ve \u0130smi bize aittir)","robots":{"index":"index","follow":"follow","max-snippet":"max-snippet:-1","max-image-preview":"max-image-preview:large","max-video-preview":"max-video-preview:-1"},"canonical":"https:\/\/xn--keiko-zra.com\/tr\/urun\/keciboynuzu-cikolatasi-ve-kremasi\/","og_locale":"tr_TR","og_type":"article","og_title":"Ke\u00e7iboynuzu \u00c7ikolatas\u0131 ve Kremas\u0131 - KE\u00c7\u0130KO","og_description":"So\u011fuk s\u0131k\u0131m ke\u00e7i boynuzu \u00f6z\u00fc, ke\u00e7i boynuzu tozu, ke\u00e7i boynuzu gam\u0131 ile yapm\u0131\u015f oldu\u011fumuz \u015feker ilavesi bulunmayan \u00e7ocuklar\u0131m\u0131za sa\u011fl\u0131kl\u0131 \u00e7ikolataya alternatif bir \u00fcr\u00fcn.(Tescilli Tarsusta ilk \u00dcretimi ve \u0130smi bize aittir)","og_url":"https:\/\/xn--keiko-zra.com\/tr\/urun\/keciboynuzu-cikolatasi-ve-kremasi\/","og_site_name":"KE\u00c7\u0130KO","article_publisher":"https:\/\/www.facebook.com\/keciboynuzucikolatas","article_modified_time":"2026-05-04T13:48:14+00:00","og_image":[{"width":1000,"height":1000,"url":"http:\/\/xn--keiko-zra.com\/wp-content\/uploads\/2022\/11\/230.jpg","type":"image\/jpeg"}],"twitter_card":"summary_large_image","twitter_misc":{"Tahmini okuma s\u00fcresi":"1 dakika"},"schema":{"@context":"https:\/\/schema.org","@graph":[{"@type":"WebPage","@id":"https:\/\/xn--keiko-zra.com\/urun\/keciboynuzu-cikolatasi-ve-kremasi\/","url":"https:\/\/xn--keiko-zra.com\/urun\/keciboynuzu-cikolatasi-ve-kremasi\/","name":"Ke\u00e7iboynuzu \u00c7ikolatas\u0131 ve Kremas\u0131 - KE\u00c7\u0130KO","isPartOf":{"@id":"https:\/\/xn--keiko-zra.com\/#website"},"primaryImageOfPage":{"@id":"https:\/\/xn--keiko-zra.com\/urun\/keciboynuzu-cikolatasi-ve-kremasi\/#primaryimage"},"image":{"@id":"https:\/\/xn--keiko-zra.com\/urun\/keciboynuzu-cikolatasi-ve-kremasi\/#primaryimage"},"thumbnailUrl":"https:\/\/xn--keiko-zra.com\/wp-content\/uploads\/2022\/11\/230.jpg","datePublished":"2022-11-25T09:32:53+00:00","dateModified":"2026-05-04T13:48:14+00:00","description":"So\u011fuk s\u0131k\u0131m ke\u00e7i boynuzu \u00f6z\u00fc, ke\u00e7i boynuzu tozu, ke\u00e7i boynuzu gam\u0131 ile yapm\u0131\u015f oldu\u011fumuz \u015feker ilavesi bulunmayan \u00e7ocuklar\u0131m\u0131za sa\u011fl\u0131kl\u0131 \u00e7ikolataya alternatif bir \u00fcr\u00fcn.(Tescilli Tarsusta ilk \u00dcretimi ve \u0130smi bize aittir)","breadcrumb":{"@id":"https:\/\/xn--keiko-zra.com\/urun\/keciboynuzu-cikolatasi-ve-kremasi\/#breadcrumb"},"inLanguage":"tr","potentialAction":[{"@type":"ReadAction","target":["https:\/\/xn--keiko-zra.com\/urun\/keciboynuzu-cikolatasi-ve-kremasi\/"]}]},{"@type":"ImageObject","inLanguage":"tr","@id":"https:\/\/xn--keiko-zra.com\/urun\/keciboynuzu-cikolatasi-ve-kremasi\/#primaryimage","url":"https:\/\/xn--keiko-zra.com\/wp-content\/uploads\/2022\/11\/230.jpg","contentUrl":"https:\/\/xn--keiko-zra.com\/wp-content\/uploads\/2022\/11\/230.jpg","width":1000,"height":1000},{"@type":"BreadcrumbList","@id":"https:\/\/xn--keiko-zra.com\/urun\/keciboynuzu-cikolatasi-ve-kremasi\/#breadcrumb","itemListElement":[{"@type":"ListItem","position":1,"name":"Anasayfa","item":"https:\/\/xn--keiko-zra.com\/"},{"@type":"ListItem","position":2,"name":"Store","item":"https:\/\/xn--keiko-zra.com\/?page_id=1218"},{"@type":"ListItem","position":3,"name":"Ke\u00e7iboynuzu \u00c7ikolatas\u0131 ve Kremas\u0131"}]},{"@type":"WebSite","@id":"https:\/\/xn--keiko-zra.com\/#website","url":"https:\/\/xn--keiko-zra.com\/","name":"KE\u00c7\u0130KO","description":"Taze ve Do\u011fal \u00dcr\u00fcnler","publisher":{"@id":"https:\/\/xn--keiko-zra.com\/#organization"},"potentialAction":[{"@type":"SearchAction","target":{"@type":"EntryPoint","urlTemplate":"https:\/\/xn--keiko-zra.com\/?s={search_term_string}"},"query-input":{"@type":"PropertyValueSpecification","valueRequired":true,"valueName":"search_term_string"}}],"inLanguage":"tr"},{"@type":"Organization","@id":"https:\/\/xn--keiko-zra.com\/#organization","name":"KE\u00c7\u0130KO","url":"https:\/\/xn--keiko-zra.com\/","logo":{"@type":"ImageObject","inLanguage":"tr","@id":"https:\/\/xn--keiko-zra.com\/#\/schema\/logo\/image\/","url":"https:\/\/xn--keiko-zra.com\/wp-content\/uploads\/2026\/05\/cropped-KECIKO-LOGO.png","contentUrl":"https:\/\/xn--keiko-zra.com\/wp-content\/uploads\/2026\/05\/cropped-KECIKO-LOGO.png","width":512,"height":512,"caption":"KE\u00c7\u0130KO"},"image":{"@id":"https:\/\/xn--keiko-zra.com\/#\/schema\/logo\/image\/"},"sameAs":["https:\/\/www.facebook.com\/keciboynuzucikolatas","https:\/\/www.instagram.com\/keciko.yoreselgurme\/","https:\/\/www.youtube.com\/@keciko5991"]}]}},"uagb_featured_image_src":{"full":["https:\/\/xn--keiko-zra.com\/wp-content\/uploads\/2022\/11\/230.jpg",1000,1000,false],"thumbnail":["https:\/\/xn--keiko-zra.com\/wp-content\/uploads\/2022\/11\/230-150x150.jpg",150,150,true],"medium":["https:\/\/xn--keiko-zra.com\/wp-content\/uploads\/2022\/11\/230-300x300.jpg",300,300,true],"medium_large":["https:\/\/xn--keiko-zra.com\/wp-content\/uploads\/2022\/11\/230-768x768.jpg",768,768,true],"large":["https:\/\/xn--keiko-zra.com\/wp-content\/uploads\/2022\/11\/230.jpg",820,820,false],"1536x1536":["https:\/\/xn--keiko-zra.com\/wp-content\/uploads\/2022\/11\/230.jpg",1000,1000,false],"2048x2048":["https:\/\/xn--keiko-zra.com\/wp-content\/uploads\/2022\/11\/230.jpg",1000,1000,false],"trp-custom-language-flag":["https:\/\/xn--keiko-zra.com\/wp-content\/uploads\/2022\/11\/230-12x12.jpg",12,12,true],"wpstory-circle":["https:\/\/xn--keiko-zra.com\/wp-content\/uploads\/2022\/11\/230-86x86.jpg",86,86,true],"best-shop-slider-full":["https:\/\/xn--keiko-zra.com\/wp-content\/uploads\/2022\/11\/230.jpg",720,720,false],"best-shop-featured":["https:\/\/xn--keiko-zra.com\/wp-content\/uploads\/2022\/11\/230.jpg",1000,1000,false],"best-shop-medium":["https:\/\/xn--keiko-zra.com\/wp-content\/uploads\/2022\/11\/230.jpg",530,530,false],"best-shop-medium-square":["https:\/\/xn--keiko-zra.com\/wp-content\/uploads\/2022\/11\/230.jpg",350,350,false],"best_shop_popular_posts":["https:\/\/xn--keiko-zra.com\/wp-content\/uploads\/2022\/11\/230.jpg",367,367,false],"best_shop_archive":["https:\/\/xn--keiko-zra.com\/wp-content\/uploads\/2022\/11\/230.jpg",345,345,false],"best_shop_editor":["https:\/\/xn--keiko-zra.com\/wp-content\/uploads\/2022\/11\/230.jpg",297,297,false],"mailpoet_newsletter_max":["https:\/\/xn--keiko-zra.com\/wp-content\/uploads\/2022\/11\/230.jpg",1000,1000,false],"woocommerce_thumbnail":["https:\/\/xn--keiko-zra.com\/wp-content\/uploads\/2022\/11\/230-300x300.jpg",300,300,true],"woocommerce_single":["https:\/\/xn--keiko-zra.com\/wp-content\/uploads\/2022\/11\/230-600x600.jpg",600,600,true],"woocommerce_gallery_thumbnail":["https:\/\/xn--keiko-zra.com\/wp-content\/uploads\/2022\/11\/230-100x100.jpg",100,100,true],"form-edit-image-preview":["https:\/\/xn--keiko-zra.com\/wp-content\/uploads\/2022\/11\/230-116x116.jpg",116,116,true],"variation_swatches_image_size":["https:\/\/xn--keiko-zra.com\/wp-content\/uploads\/2022\/11\/230-50x50.jpg",50,50,true],"variation_swatches_tooltip_size":["https:\/\/xn--keiko-zra.com\/wp-content\/uploads\/2022\/11\/230-100x100.jpg",100,100,true],"dgwt-wcas-product-suggestion":["https:\/\/xn--keiko-zra.com\/wp-content\/uploads\/2022\/11\/230-64x64.jpg",64,64,true]},"uagb_author_info":{"display_name":"Y\u00f6netici","author_link":"https:\/\/xn--keiko-zra.com\/tr\/author\/"},"uagb_comment_info":0,"uagb_excerpt":"So\u011fuk s\u0131k\u0131m ke\u00e7i boynuzu \u00f6z\u00fc, ke\u00e7i boynuzu tozu, ke\u00e7iu gam\u0131 \u200b\u200bile yapm\u0131\u015f oldu\u011fumuz \u015feker ilavesi bulunmayan tablolara sa\u011fl\u0131kl\u0131 \u00e7ikolataya alternatif bir \u00fcr\u00fcn. (Tescilli Tarsusta ilk \u00dcretimi ve \u0130smi bize aittir)","jetpack_sharing_enabled":true,"_links":{"self":[{"href":"https:\/\/xn--keiko-zra.com\/tr\/wp-json\/wp\/v2\/product\/2353","targetHints":{"allow":["GET"]}}],"collection":[{"href":"https:\/\/xn--keiko-zra.com\/tr\/wp-json\/wp\/v2\/product"}],"about":[{"href":"https:\/\/xn--keiko-zra.com\/tr\/wp-json\/wp\/v2\/types\/product"}],"replies":[{"embeddable":true,"href":"https:\/\/xn--keiko-zra.com\/tr\/wp-json\/wp\/v2\/comments?post=2353"}],"wp:featuredmedia":[{"embeddable":true,"href":"https:\/\/xn--keiko-zra.com\/tr\/wp-json\/wp\/v2\/media\/3068"}],"wp:attachment":[{"href":"https:\/\/xn--keiko-zra.com\/tr\/wp-json\/wp\/v2\/media?parent=2353"}],"wp:term":[{"taxonomy":"product_brand","embeddable":true,"href":"https:\/\/xn--keiko-zra.com\/tr\/wp-json\/wp\/v2\/product_brand?post=2353"},{"taxonomy":"product_cat","embeddable":true,"href":"https:\/\/xn--keiko-zra.com\/tr\/wp-json\/wp\/v2\/product_cat?post=2353"},{"taxonomy":"product_tag","embeddable":true,"href":"https:\/\/xn--keiko-zra.com\/tr\/wp-json\/wp\/v2\/product_tag?post=2353"}],"curies":[{"name":"wp","href":"https:\/\/api.w.org\/{rel}","templated":true}]}}