{"id":1235,"date":"2020-09-16T08:57:45","date_gmt":"2020-09-16T08:57:45","guid":{"rendered":"https:\/\/xn--keiko-zra.com\/account\/"},"modified":"2022-12-02T16:21:47","modified_gmt":"2022-12-02T13:21:47","slug":"account","status":"publish","type":"page","link":"https:\/\/xn--keiko-zra.com\/tr\/account\/","title":{"rendered":"Account"},"content":{"rendered":"<div class=\"wp-block-uagb-container uagb-block-d1689a4d alignfull uagb-is-root-container\"><div class=\"uagb-container-inner-blocks-wrap\">\n<div class=\"wp-block-uagb-advanced-heading uagb-block-8bfd8b41\"><h1 class=\"uagb-heading-text\">Hesab\u0131m<\/h1><p class=\"uagb-desc-text\">\u015eifrenizi Kimseyle Payla\u015fmay\u0131n!<\/p><\/div>\n<\/div><\/div>\n\n\n\n<div class=\"wp-block-uagb-container uagb-block-6f1173d6 alignfull uagb-is-root-container\"><div class=\"uagb-container-inner-blocks-wrap\"><div class=\"woocommerce\"><\/div>\n<\/div><\/div>","protected":false},"excerpt":{"rendered":"<p>Hesab\u0131m \u015eifrenizi Kimseyle Payla\u015fmay\u0131n!<\/p>","protected":false},"author":1,"featured_media":0,"parent":0,"menu_order":0,"comment_status":"open","ping_status":"closed","template":"","meta":{"om_disable_all_campaigns":false,"_uag_custom_page_level_css":"","_monsterinsights_skip_tracking":false,"_monsterinsights_sitenote_active":false,"_monsterinsights_sitenote_note":"","_monsterinsights_sitenote_category":0,"_themeisle_gutenberg_block_has_review":false,"footnotes":""},"class_list":["post-1235","page","type-page","status-publish","hentry"],"yoast_head":"<!-- This site is optimized with the Yoast SEO plugin v27.5 - https:\/\/yoast.com\/product\/yoast-seo-wordpress\/ -->\n<title>Account - KE\u00c7\u0130KO<\/title>\n<meta name=\"robots\" content=\"index, follow, max-snippet:-1, max-image-preview:large, max-video-preview:-1\" \/>\n<link rel=\"canonical\" href=\"https:\/\/xn--keiko-zra.com\/tr\/account\/\" \/>\n<meta property=\"og:locale\" content=\"tr_TR\" \/>\n<meta property=\"og:type\" content=\"article\" \/>\n<meta property=\"og:title\" content=\"Account - KE\u00c7\u0130KO\" \/>\n<meta property=\"og:description\" content=\"Hesab\u0131m \u015eifrenizi Kimseyle Payla\u015fmay\u0131n!\" \/>\n<meta property=\"og:url\" content=\"https:\/\/xn--keiko-zra.com\/tr\/account\/\" \/>\n<meta property=\"og:site_name\" content=\"KE\u00c7\u0130KO\" \/>\n<meta property=\"article:publisher\" content=\"https:\/\/www.facebook.com\/keciboynuzucikolatas\" \/>\n<meta property=\"article:modified_time\" content=\"2022-12-02T13:21:47+00:00\" \/>\n<meta name=\"twitter:card\" content=\"summary_large_image\" \/>\n<meta name=\"twitter:label1\" content=\"Tahmini okuma s\u00fcresi\" \/>\n\t<meta name=\"twitter:data1\" content=\"1 dakika\" \/>\n<script type=\"application\/ld+json\" class=\"yoast-schema-graph\">{\"@context\":\"https:\\\/\\\/schema.org\",\"@graph\":[{\"@type\":\"WebPage\",\"@id\":\"https:\\\/\\\/xn--keiko-zra.com\\\/account\\\/\",\"url\":\"https:\\\/\\\/xn--keiko-zra.com\\\/account\\\/\",\"name\":\"Account - KE\u00c7\u0130KO\",\"isPartOf\":{\"@id\":\"https:\\\/\\\/xn--keiko-zra.com\\\/#website\"},\"datePublished\":\"2020-09-16T08:57:45+00:00\",\"dateModified\":\"2022-12-02T13:21:47+00:00\",\"breadcrumb\":{\"@id\":\"https:\\\/\\\/xn--keiko-zra.com\\\/account\\\/#breadcrumb\"},\"inLanguage\":\"tr\",\"potentialAction\":[{\"@type\":\"ReadAction\",\"target\":[\"https:\\\/\\\/xn--keiko-zra.com\\\/account\\\/\"]}]},{\"@type\":\"BreadcrumbList\",\"@id\":\"https:\\\/\\\/xn--keiko-zra.com\\\/account\\\/#breadcrumb\",\"itemListElement\":[{\"@type\":\"ListItem\",\"position\":1,\"name\":\"Anasayfa\",\"item\":\"https:\\\/\\\/xn--keiko-zra.com\\\/\"},{\"@type\":\"ListItem\",\"position\":2,\"name\":\"Account\"}]},{\"@type\":\"WebSite\",\"@id\":\"https:\\\/\\\/xn--keiko-zra.com\\\/#website\",\"url\":\"https:\\\/\\\/xn--keiko-zra.com\\\/\",\"name\":\"KE\u00c7\u0130KO\",\"description\":\"Taze ve Do\u011fal \u00dcr\u00fcnler\",\"publisher\":{\"@id\":\"https:\\\/\\\/xn--keiko-zra.com\\\/#organization\"},\"potentialAction\":[{\"@type\":\"SearchAction\",\"target\":{\"@type\":\"EntryPoint\",\"urlTemplate\":\"https:\\\/\\\/xn--keiko-zra.com\\\/?s={search_term_string}\"},\"query-input\":{\"@type\":\"PropertyValueSpecification\",\"valueRequired\":true,\"valueName\":\"search_term_string\"}}],\"inLanguage\":\"tr\"},{\"@type\":\"Organization\",\"@id\":\"https:\\\/\\\/xn--keiko-zra.com\\\/#organization\",\"name\":\"KE\u00c7\u0130KO\",\"url\":\"https:\\\/\\\/xn--keiko-zra.com\\\/\",\"logo\":{\"@type\":\"ImageObject\",\"inLanguage\":\"tr\",\"@id\":\"https:\\\/\\\/xn--keiko-zra.com\\\/#\\\/schema\\\/logo\\\/image\\\/\",\"url\":\"https:\\\/\\\/xn--keiko-zra.com\\\/wp-content\\\/uploads\\\/2026\\\/05\\\/cropped-KECIKO-LOGO.png\",\"contentUrl\":\"https:\\\/\\\/xn--keiko-zra.com\\\/wp-content\\\/uploads\\\/2026\\\/05\\\/cropped-KECIKO-LOGO.png\",\"width\":512,\"height\":512,\"caption\":\"KE\u00c7\u0130KO\"},\"image\":{\"@id\":\"https:\\\/\\\/xn--keiko-zra.com\\\/#\\\/schema\\\/logo\\\/image\\\/\"},\"sameAs\":[\"https:\\\/\\\/www.facebook.com\\\/keciboynuzucikolatas\",\"https:\\\/\\\/www.instagram.com\\\/keciko.yoreselgurme\\\/\",\"https:\\\/\\\/www.youtube.com\\\/@keciko5991\"]}]}<\/script>\n<!-- \/ Yoast SEO plugin. -->","yoast_head_json":{"title":"Account - KE\u00c7\u0130KO","robots":{"index":"index","follow":"follow","max-snippet":"max-snippet:-1","max-image-preview":"max-image-preview:large","max-video-preview":"max-video-preview:-1"},"canonical":"https:\/\/xn--keiko-zra.com\/tr\/account\/","og_locale":"tr_TR","og_type":"article","og_title":"Account - KE\u00c7\u0130KO","og_description":"Hesab\u0131m \u015eifrenizi Kimseyle Payla\u015fmay\u0131n!","og_url":"https:\/\/xn--keiko-zra.com\/tr\/account\/","og_site_name":"KE\u00c7\u0130KO","article_publisher":"https:\/\/www.facebook.com\/keciboynuzucikolatas","article_modified_time":"2022-12-02T13:21:47+00:00","twitter_card":"summary_large_image","twitter_misc":{"Tahmini okuma s\u00fcresi":"1 dakika"},"schema":{"@context":"https:\/\/schema.org","@graph":[{"@type":"WebPage","@id":"https:\/\/xn--keiko-zra.com\/account\/","url":"https:\/\/xn--keiko-zra.com\/account\/","name":"Account - KE\u00c7\u0130KO","isPartOf":{"@id":"https:\/\/xn--keiko-zra.com\/#website"},"datePublished":"2020-09-16T08:57:45+00:00","dateModified":"2022-12-02T13:21:47+00:00","breadcrumb":{"@id":"https:\/\/xn--keiko-zra.com\/account\/#breadcrumb"},"inLanguage":"tr","potentialAction":[{"@type":"ReadAction","target":["https:\/\/xn--keiko-zra.com\/account\/"]}]},{"@type":"BreadcrumbList","@id":"https:\/\/xn--keiko-zra.com\/account\/#breadcrumb","itemListElement":[{"@type":"ListItem","position":1,"name":"Anasayfa","item":"https:\/\/xn--keiko-zra.com\/"},{"@type":"ListItem","position":2,"name":"Account"}]},{"@type":"WebSite","@id":"https:\/\/xn--keiko-zra.com\/#website","url":"https:\/\/xn--keiko-zra.com\/","name":"KE\u00c7\u0130KO","description":"Taze ve Do\u011fal \u00dcr\u00fcnler","publisher":{"@id":"https:\/\/xn--keiko-zra.com\/#organization"},"potentialAction":[{"@type":"SearchAction","target":{"@type":"EntryPoint","urlTemplate":"https:\/\/xn--keiko-zra.com\/?s={search_term_string}"},"query-input":{"@type":"PropertyValueSpecification","valueRequired":true,"valueName":"search_term_string"}}],"inLanguage":"tr"},{"@type":"Organization","@id":"https:\/\/xn--keiko-zra.com\/#organization","name":"KE\u00c7\u0130KO","url":"https:\/\/xn--keiko-zra.com\/","logo":{"@type":"ImageObject","inLanguage":"tr","@id":"https:\/\/xn--keiko-zra.com\/#\/schema\/logo\/image\/","url":"https:\/\/xn--keiko-zra.com\/wp-content\/uploads\/2026\/05\/cropped-KECIKO-LOGO.png","contentUrl":"https:\/\/xn--keiko-zra.com\/wp-content\/uploads\/2026\/05\/cropped-KECIKO-LOGO.png","width":512,"height":512,"caption":"KE\u00c7\u0130KO"},"image":{"@id":"https:\/\/xn--keiko-zra.com\/#\/schema\/logo\/image\/"},"sameAs":["https:\/\/www.facebook.com\/keciboynuzucikolatas","https:\/\/www.instagram.com\/keciko.yoreselgurme\/","https:\/\/www.youtube.com\/@keciko5991"]}]}},"uagb_featured_image_src":{"full":false,"thumbnail":false,"medium":false,"medium_large":false,"large":false,"1536x1536":false,"2048x2048":false,"trp-custom-language-flag":false,"wpstory-circle":false,"best-shop-slider-full":false,"best-shop-featured":false,"best-shop-medium":false,"best-shop-medium-square":false,"best_shop_popular_posts":false,"best_shop_archive":false,"best_shop_editor":false,"mailpoet_newsletter_max":false,"woocommerce_thumbnail":false,"woocommerce_single":false,"woocommerce_gallery_thumbnail":false,"form-edit-image-preview":false,"variation_swatches_image_size":false,"variation_swatches_tooltip_size":false,"dgwt-wcas-product-suggestion":false},"uagb_author_info":{"display_name":"Y\u00f6netici","author_link":"https:\/\/xn--keiko-zra.com\/tr\/author\/kecikoyoreselgmail-com\/"},"uagb_comment_info":47,"uagb_excerpt":"Hesab\u0131m \u015eifrenizi Kimseyle Payla\u015fmay\u0131n!","jetpack_sharing_enabled":true,"_links":{"self":[{"href":"https:\/\/xn--keiko-zra.com\/tr\/wp-json\/wp\/v2\/pages\/1235","targetHints":{"allow":["GET"]}}],"collection":[{"href":"https:\/\/xn--keiko-zra.com\/tr\/wp-json\/wp\/v2\/pages"}],"about":[{"href":"https:\/\/xn--keiko-zra.com\/tr\/wp-json\/wp\/v2\/types\/page"}],"author":[{"embeddable":true,"href":"https:\/\/xn--keiko-zra.com\/tr\/wp-json\/wp\/v2\/users\/1"}],"replies":[{"embeddable":true,"href":"https:\/\/xn--keiko-zra.com\/tr\/wp-json\/wp\/v2\/comments?post=1235"}],"version-history":[{"count":9,"href":"https:\/\/xn--keiko-zra.com\/tr\/wp-json\/wp\/v2\/pages\/1235\/revisions"}],"predecessor-version":[{"id":2770,"href":"https:\/\/xn--keiko-zra.com\/tr\/wp-json\/wp\/v2\/pages\/1235\/revisions\/2770"}],"wp:attachment":[{"href":"https:\/\/xn--keiko-zra.com\/tr\/wp-json\/wp\/v2\/media?parent=1235"}],"curies":[{"name":"wp","href":"https:\/\/api.w.org\/{rel}","templated":true}]}}